{"id":21053,"date":"2026-02-06T14:45:56","date_gmt":"2026-02-06T13:45:56","guid":{"rendered":"https:\/\/www.amurianas.it\/negozio\/uncategorized\/amethyst-efesto-plate\/"},"modified":"2026-02-06T14:45:56","modified_gmt":"2026-02-06T13:45:56","slug":"amethyst-efesto-plate","status":"publish","type":"product","link":"https:\/\/www.amurianas.it\/en\/negozio\/bowls-vases-plates-and-centerpieces\/plates-and-centerpieces\/amethyst-efesto-plate\/","title":{"rendered":"Amethyst Efesto plate"},"content":{"rendered":"<p>A plate made of colored glass granules, handmade using the glass fusion technique. The name \u201chephaestus\u201d comes from the fact that the glass fragments are fused together at a temperature of 800 degrees Celsius. <\/p>\n","protected":false},"excerpt":{"rendered":"<p>Murano glass granules plate.<br \/>\nAvailable dimensions:<br \/>\n\u00d8 7 cm<br \/>\n\u00d8 9 cm<br \/>\n\u00d8 12 cm<br \/>\n\u00d8 13,5 cm<br \/>\n\u00d8 15 cm<br \/>\n\u00d8 29 cm<br \/>\n\u00d8 31 cm<br \/>\nPlease note that since these are handmade, measurements may differ by a few millimeters.<\/p>\n","protected":false},"featured_media":20994,"template":"","meta":[],"product_brand":[],"product_cat":[1141,1143],"product_tag":[],"class_list":{"0":"post-21053","1":"product","2":"type-product","3":"status-publish","4":"has-post-thumbnail","6":"product_cat-bowls-vases-plates-and-centerpieces","7":"product_cat-plates-and-centerpieces","8":"pa_dimensione-o-12-cm","9":"pa_dimensione-o-135-cm","10":"pa_dimensione-o-15-cm","11":"pa_dimensione-o-29-cm","12":"pa_dimensione-o-31-cm","13":"pa_dimensione-o-7-cm","14":"pa_dimensione-o-9-cm","16":"first","17":"instock","18":"shipping-taxable","19":"purchasable","20":"product-type-variable"},"yoast_head":"<!-- This site is optimized with the Yoast SEO plugin v27.1.1 - https:\/\/yoast.com\/product\/yoast-seo-wordpress\/ -->\n<title>Amethyst Efesto plate - AMURIANAS VITRUM<\/title>\n<meta name=\"robots\" content=\"index, follow, max-snippet:-1, max-image-preview:large, max-video-preview:-1\" \/>\n<link rel=\"canonical\" href=\"https:\/\/www.amurianas.it\/en\/negozio\/bowls-vases-plates-and-centerpieces\/plates-and-centerpieces\/amethyst-efesto-plate\/\" \/>\n<meta property=\"og:locale\" content=\"en_US\" \/>\n<meta property=\"og:type\" content=\"article\" \/>\n<meta property=\"og:title\" content=\"Amethyst Efesto plate - AMURIANAS VITRUM\" \/>\n<meta property=\"og:description\" content=\"Murano glass granules plate. Available dimensions: \u00d8 7 cm \u00d8 9 cm \u00d8 12 cm \u00d8 13,5 cm \u00d8 15 cm \u00d8 29 cm \u00d8 31 cm Please note that since these are handmade, measurements may differ by a few millimeters.\" \/>\n<meta property=\"og:url\" content=\"https:\/\/www.amurianas.it\/en\/negozio\/bowls-vases-plates-and-centerpieces\/plates-and-centerpieces\/amethyst-efesto-plate\/\" \/>\n<meta property=\"og:site_name\" content=\"AMURIANAS VITRUM\" \/>\n<meta property=\"og:image\" content=\"https:\/\/www.amurianas.it\/wp-content\/uploads\/2026\/02\/PTGR_AM.jpeg\" \/>\n\t<meta property=\"og:image:width\" content=\"1474\" \/>\n\t<meta property=\"og:image:height\" content=\"1920\" \/>\n\t<meta property=\"og:image:type\" content=\"image\/jpeg\" \/>\n<meta name=\"twitter:card\" content=\"summary_large_image\" \/>\n<script type=\"application\/ld+json\" class=\"yoast-schema-graph\">{\"@context\":\"https:\/\/schema.org\",\"@graph\":[{\"@type\":\"WebPage\",\"@id\":\"https:\/\/www.amurianas.it\/en\/negozio\/bowls-vases-plates-and-centerpieces\/plates-and-centerpieces\/amethyst-efesto-plate\/\",\"url\":\"https:\/\/www.amurianas.it\/en\/negozio\/bowls-vases-plates-and-centerpieces\/plates-and-centerpieces\/amethyst-efesto-plate\/\",\"name\":\"Amethyst Efesto plate - AMURIANAS VITRUM\",\"isPartOf\":{\"@id\":\"https:\/\/www.amurianas.it\/en\/#website\"},\"primaryImageOfPage\":{\"@id\":\"https:\/\/www.amurianas.it\/en\/negozio\/bowls-vases-plates-and-centerpieces\/plates-and-centerpieces\/amethyst-efesto-plate\/#primaryimage\"},\"image\":{\"@id\":\"https:\/\/www.amurianas.it\/en\/negozio\/bowls-vases-plates-and-centerpieces\/plates-and-centerpieces\/amethyst-efesto-plate\/#primaryimage\"},\"thumbnailUrl\":\"https:\/\/www.amurianas.it\/wp-content\/uploads\/2026\/02\/PTGR_AM.jpeg\",\"datePublished\":\"2026-02-06T13:45:56+00:00\",\"breadcrumb\":{\"@id\":\"https:\/\/www.amurianas.it\/en\/negozio\/bowls-vases-plates-and-centerpieces\/plates-and-centerpieces\/amethyst-efesto-plate\/#breadcrumb\"},\"inLanguage\":\"en-US\",\"potentialAction\":[{\"@type\":\"ReadAction\",\"target\":[\"https:\/\/www.amurianas.it\/en\/negozio\/bowls-vases-plates-and-centerpieces\/plates-and-centerpieces\/amethyst-efesto-plate\/\"]}]},{\"@type\":\"ImageObject\",\"inLanguage\":\"en-US\",\"@id\":\"https:\/\/www.amurianas.it\/en\/negozio\/bowls-vases-plates-and-centerpieces\/plates-and-centerpieces\/amethyst-efesto-plate\/#primaryimage\",\"url\":\"https:\/\/www.amurianas.it\/wp-content\/uploads\/2026\/02\/PTGR_AM.jpeg\",\"contentUrl\":\"https:\/\/www.amurianas.it\/wp-content\/uploads\/2026\/02\/PTGR_AM.jpeg\",\"width\":1474,\"height\":1920},{\"@type\":\"BreadcrumbList\",\"@id\":\"https:\/\/www.amurianas.it\/en\/negozio\/bowls-vases-plates-and-centerpieces\/plates-and-centerpieces\/amethyst-efesto-plate\/#breadcrumb\",\"itemListElement\":[{\"@type\":\"ListItem\",\"position\":1,\"name\":\"Home\",\"item\":\"https:\/\/www.amurianas.it\/en\/home\/\"},{\"@type\":\"ListItem\",\"position\":2,\"name\":\"Shop\",\"item\":\"https:\/\/www.amurianas.it\/en\/shop\/\"},{\"@type\":\"ListItem\",\"position\":3,\"name\":\"Amethyst Efesto plate\"}]},{\"@type\":\"WebSite\",\"@id\":\"https:\/\/www.amurianas.it\/en\/#website\",\"url\":\"https:\/\/www.amurianas.it\/en\/\",\"name\":\"AMURIANAS VITRUM\",\"description\":\"Original Murano Design\",\"publisher\":{\"@id\":\"https:\/\/www.amurianas.it\/en\/#organization\"},\"potentialAction\":[{\"@type\":\"SearchAction\",\"target\":{\"@type\":\"EntryPoint\",\"urlTemplate\":\"https:\/\/www.amurianas.it\/en\/?s={search_term_string}\"},\"query-input\":{\"@type\":\"PropertyValueSpecification\",\"valueRequired\":true,\"valueName\":\"search_term_string\"}}],\"inLanguage\":\"en-US\"},{\"@type\":\"Organization\",\"@id\":\"https:\/\/www.amurianas.it\/en\/#organization\",\"name\":\"AMURIANAS VITRUM\",\"url\":\"https:\/\/www.amurianas.it\/en\/\",\"logo\":{\"@type\":\"ImageObject\",\"inLanguage\":\"en-US\",\"@id\":\"https:\/\/www.amurianas.it\/en\/#\/schema\/logo\/image\/\",\"url\":\"https:\/\/www.amurianas.it\/wp-content\/uploads\/2020\/06\/logo_amurianas_header.jpg\",\"contentUrl\":\"https:\/\/www.amurianas.it\/wp-content\/uploads\/2020\/06\/logo_amurianas_header.jpg\",\"width\":415,\"height\":150,\"caption\":\"AMURIANAS VITRUM\"},\"image\":{\"@id\":\"https:\/\/www.amurianas.it\/en\/#\/schema\/logo\/image\/\"},\"sameAs\":[\"https:\/\/www.youtube.com\/@Amurianasvitrum\",\"https:\/\/www.instagram.com\/amurianasvitrum\/\"]}]}<\/script>\n<!-- \/ Yoast SEO plugin. -->","yoast_head_json":{"title":"Amethyst Efesto plate - AMURIANAS VITRUM","robots":{"index":"index","follow":"follow","max-snippet":"max-snippet:-1","max-image-preview":"max-image-preview:large","max-video-preview":"max-video-preview:-1"},"canonical":"https:\/\/www.amurianas.it\/en\/negozio\/bowls-vases-plates-and-centerpieces\/plates-and-centerpieces\/amethyst-efesto-plate\/","og_locale":"en_US","og_type":"article","og_title":"Amethyst Efesto plate - AMURIANAS VITRUM","og_description":"Murano glass granules plate. Available dimensions: \u00d8 7 cm \u00d8 9 cm \u00d8 12 cm \u00d8 13,5 cm \u00d8 15 cm \u00d8 29 cm \u00d8 31 cm Please note that since these are handmade, measurements may differ by a few millimeters.","og_url":"https:\/\/www.amurianas.it\/en\/negozio\/bowls-vases-plates-and-centerpieces\/plates-and-centerpieces\/amethyst-efesto-plate\/","og_site_name":"AMURIANAS VITRUM","og_image":[{"width":1474,"height":1920,"url":"https:\/\/www.amurianas.it\/wp-content\/uploads\/2026\/02\/PTGR_AM.jpeg","type":"image\/jpeg"}],"twitter_card":"summary_large_image","schema":{"@context":"https:\/\/schema.org","@graph":[{"@type":"WebPage","@id":"https:\/\/www.amurianas.it\/en\/negozio\/bowls-vases-plates-and-centerpieces\/plates-and-centerpieces\/amethyst-efesto-plate\/","url":"https:\/\/www.amurianas.it\/en\/negozio\/bowls-vases-plates-and-centerpieces\/plates-and-centerpieces\/amethyst-efesto-plate\/","name":"Amethyst Efesto plate - AMURIANAS VITRUM","isPartOf":{"@id":"https:\/\/www.amurianas.it\/en\/#website"},"primaryImageOfPage":{"@id":"https:\/\/www.amurianas.it\/en\/negozio\/bowls-vases-plates-and-centerpieces\/plates-and-centerpieces\/amethyst-efesto-plate\/#primaryimage"},"image":{"@id":"https:\/\/www.amurianas.it\/en\/negozio\/bowls-vases-plates-and-centerpieces\/plates-and-centerpieces\/amethyst-efesto-plate\/#primaryimage"},"thumbnailUrl":"https:\/\/www.amurianas.it\/wp-content\/uploads\/2026\/02\/PTGR_AM.jpeg","datePublished":"2026-02-06T13:45:56+00:00","breadcrumb":{"@id":"https:\/\/www.amurianas.it\/en\/negozio\/bowls-vases-plates-and-centerpieces\/plates-and-centerpieces\/amethyst-efesto-plate\/#breadcrumb"},"inLanguage":"en-US","potentialAction":[{"@type":"ReadAction","target":["https:\/\/www.amurianas.it\/en\/negozio\/bowls-vases-plates-and-centerpieces\/plates-and-centerpieces\/amethyst-efesto-plate\/"]}]},{"@type":"ImageObject","inLanguage":"en-US","@id":"https:\/\/www.amurianas.it\/en\/negozio\/bowls-vases-plates-and-centerpieces\/plates-and-centerpieces\/amethyst-efesto-plate\/#primaryimage","url":"https:\/\/www.amurianas.it\/wp-content\/uploads\/2026\/02\/PTGR_AM.jpeg","contentUrl":"https:\/\/www.amurianas.it\/wp-content\/uploads\/2026\/02\/PTGR_AM.jpeg","width":1474,"height":1920},{"@type":"BreadcrumbList","@id":"https:\/\/www.amurianas.it\/en\/negozio\/bowls-vases-plates-and-centerpieces\/plates-and-centerpieces\/amethyst-efesto-plate\/#breadcrumb","itemListElement":[{"@type":"ListItem","position":1,"name":"Home","item":"https:\/\/www.amurianas.it\/en\/home\/"},{"@type":"ListItem","position":2,"name":"Shop","item":"https:\/\/www.amurianas.it\/en\/shop\/"},{"@type":"ListItem","position":3,"name":"Amethyst Efesto plate"}]},{"@type":"WebSite","@id":"https:\/\/www.amurianas.it\/en\/#website","url":"https:\/\/www.amurianas.it\/en\/","name":"AMURIANAS VITRUM","description":"Original Murano Design","publisher":{"@id":"https:\/\/www.amurianas.it\/en\/#organization"},"potentialAction":[{"@type":"SearchAction","target":{"@type":"EntryPoint","urlTemplate":"https:\/\/www.amurianas.it\/en\/?s={search_term_string}"},"query-input":{"@type":"PropertyValueSpecification","valueRequired":true,"valueName":"search_term_string"}}],"inLanguage":"en-US"},{"@type":"Organization","@id":"https:\/\/www.amurianas.it\/en\/#organization","name":"AMURIANAS VITRUM","url":"https:\/\/www.amurianas.it\/en\/","logo":{"@type":"ImageObject","inLanguage":"en-US","@id":"https:\/\/www.amurianas.it\/en\/#\/schema\/logo\/image\/","url":"https:\/\/www.amurianas.it\/wp-content\/uploads\/2020\/06\/logo_amurianas_header.jpg","contentUrl":"https:\/\/www.amurianas.it\/wp-content\/uploads\/2020\/06\/logo_amurianas_header.jpg","width":415,"height":150,"caption":"AMURIANAS VITRUM"},"image":{"@id":"https:\/\/www.amurianas.it\/en\/#\/schema\/logo\/image\/"},"sameAs":["https:\/\/www.youtube.com\/@Amurianasvitrum","https:\/\/www.instagram.com\/amurianasvitrum\/"]}]}},"_links":{"self":[{"href":"https:\/\/www.amurianas.it\/en\/wp-json\/wp\/v2\/product\/21053","targetHints":{"allow":["GET"]}}],"collection":[{"href":"https:\/\/www.amurianas.it\/en\/wp-json\/wp\/v2\/product"}],"about":[{"href":"https:\/\/www.amurianas.it\/en\/wp-json\/wp\/v2\/types\/product"}],"wp:featuredmedia":[{"embeddable":true,"href":"https:\/\/www.amurianas.it\/en\/wp-json\/wp\/v2\/media\/20994"}],"wp:attachment":[{"href":"https:\/\/www.amurianas.it\/en\/wp-json\/wp\/v2\/media?parent=21053"}],"wp:term":[{"taxonomy":"product_brand","embeddable":true,"href":"https:\/\/www.amurianas.it\/en\/wp-json\/wp\/v2\/product_brand?post=21053"},{"taxonomy":"product_cat","embeddable":true,"href":"https:\/\/www.amurianas.it\/en\/wp-json\/wp\/v2\/product_cat?post=21053"},{"taxonomy":"product_tag","embeddable":true,"href":"https:\/\/www.amurianas.it\/en\/wp-json\/wp\/v2\/product_tag?post=21053"}],"curies":[{"name":"wp","href":"https:\/\/api.w.org\/{rel}","templated":true}]}}